{"id":65,"date":"2021-02-19T08:04:13","date_gmt":"2021-02-19T08:04:13","guid":{"rendered":"http:\/\/fas.bilkent.edu.tr\/?page_id=65"},"modified":"2021-05-11T05:39:20","modified_gmt":"2021-05-11T05:39:20","slug":"misyon-vizyon","status":"publish","type":"page","link":"http:\/\/ubf.bilkent.edu.tr\/index.php\/misyon-vizyon\/","title":{"rendered":"Misyon, Vizyon"},"content":{"rendered":"\n<p>Uygulamal\u0131 Bilimler Fak\u00fcltesi vizyon ve misyonu a\u015fa\u011f\u0131daki gibidir:<\/p>\n\n\n\n<h2 class=\"wp-block-heading\">Vizyon<\/h2>\n\n\n\n<p>Vizyonumuz, e\u011fitim ve \u00f6\u011fretim, akademik ve bilimsel \u00fcretkenlik ve profesyonel hizmetlerde ileri d\u00fczeyde ba\u015far\u0131 sa\u011flayarak uluslararas\u0131 tan\u0131n\u0131rl\u0131k kazanmakt\u0131r.<br><\/p>\n\n\n\n<h2 class=\"wp-block-heading\">Misyon<br><\/h2>\n\n\n\n<p>Misyonumuz, uygulamal\u0131 bilimlerde \u00f6\u011frenme ve entelekt\u00fcel geli\u015fim i\u00e7in \u00f6\u011frencilerimize en uygun ortam\u0131 sa\u011flayarak, onlar\u0131 insan refah\u0131na hizmet edecek \u00f6zg\u00fcveni y\u00fcksek bireyler olarak yeti\u015ftirmektir.<\/p>\n","protected":false},"excerpt":{"rendered":"<p>Uygulamal\u0131 Bilimler Fak\u00fcltesi vizyon ve misyonu a\u015fa\u011f\u0131daki gibidir: Vizyon Vizyonumuz, e\u011fitim ve \u00f6\u011fretim, akademik ve bilimsel \u00fcretkenlik ve profesyonel hizmetlerde ileri d\u00fczeyde ba\u015far\u0131 sa\u011flayarak uluslararas\u0131 tan\u0131n\u0131rl\u0131k kazanmakt\u0131r. Misyon Misyonumuz, uygulamal\u0131&hellip;<\/p>\n","protected":false},"author":1,"featured_media":110,"parent":0,"menu_order":0,"comment_status":"closed","ping_status":"closed","template":"","meta":{"footnotes":""},"class_list":["post-65","page","type-page","status-publish","has-post-thumbnail","hentry"],"_links":{"self":[{"href":"http:\/\/ubf.bilkent.edu.tr\/index.php\/wp-json\/wp\/v2\/pages\/65","targetHints":{"allow":["GET"]}}],"collection":[{"href":"http:\/\/ubf.bilkent.edu.tr\/index.php\/wp-json\/wp\/v2\/pages"}],"about":[{"href":"http:\/\/ubf.bilkent.edu.tr\/index.php\/wp-json\/wp\/v2\/types\/page"}],"author":[{"embeddable":true,"href":"http:\/\/ubf.bilkent.edu.tr\/index.php\/wp-json\/wp\/v2\/users\/1"}],"replies":[{"embeddable":true,"href":"http:\/\/ubf.bilkent.edu.tr\/index.php\/wp-json\/wp\/v2\/comments?post=65"}],"version-history":[{"count":4,"href":"http:\/\/ubf.bilkent.edu.tr\/index.php\/wp-json\/wp\/v2\/pages\/65\/revisions"}],"predecessor-version":[{"id":1001,"href":"http:\/\/ubf.bilkent.edu.tr\/index.php\/wp-json\/wp\/v2\/pages\/65\/revisions\/1001"}],"wp:featuredmedia":[{"embeddable":true,"href":"http:\/\/ubf.bilkent.edu.tr\/index.php\/wp-json\/"}],"wp:attachment":[{"href":"http:\/\/ubf.bilkent.edu.tr\/index.php\/wp-json\/wp\/v2\/media?parent=65"}],"curies":[{"name":"wp","href":"https:\/\/api.w.org\/{rel}","templated":true}]}}