{"id":66,"date":"2021-02-19T08:04:13","date_gmt":"2021-02-19T08:04:13","guid":{"rendered":"http:\/\/fas.bilkent.edu.tr\/?page_id=66"},"modified":"2026-03-02T08:24:35","modified_gmt":"2026-03-02T08:24:35","slug":"dekanlik-ofisi","status":"publish","type":"page","link":"http:\/\/ubf.bilkent.edu.tr\/index.php\/dekanlik-ofisi\/","title":{"rendered":"Dekanl\u0131k Ofisi"},"content":{"rendered":"\n<div class=\"wp-block-columns is-layout-flex wp-container-core-columns-is-layout-9d6595d7 wp-block-columns-is-layout-flex\">\n<div class=\"wp-block-column is-layout-flow wp-block-column-is-layout-flow\" style=\"flex-basis:33.33%\">\n<figure class=\"wp-block-image size-large\"><img decoding=\"async\" src=\"http:\/\/fas.bilkent.edu.tr\/wp-content\/uploads\/2021\/02\/01-Guvenir.jpeg\" alt=\"\" class=\"wp-image-417\"\/><\/figure>\n<\/div>\n\n\n\n<div class=\"wp-block-column is-layout-flow wp-block-column-is-layout-flow\" style=\"flex-basis:66.66%\">\n<p><strong>Prof. Dr. Halil Altay G\u00fcvenir <!--Dekan--><\/strong><br>Dekan<br>0312 2902525<br><span class=\"ubfemail\">guvenir@bilkent.edu.tr<\/span><\/p>\n\n\n\n<p><\/p>\n<\/div>\n<\/div>\n\n\n\n<div class=\"wp-block-columns is-layout-flex wp-container-core-columns-is-layout-9d6595d7 wp-block-columns-is-layout-flex\">\n<div class=\"wp-block-column is-layout-flow wp-block-column-is-layout-flow\" style=\"flex-basis:33.33%\">\n<figure class=\"wp-block-image size-large\"><img loading=\"lazy\" decoding=\"async\" width=\"152\" height=\"202\" src=\"http:\/\/ubf.bilkent.edu.tr\/wp-content\/uploads\/2021\/03\/keens-2.jpg\" alt=\"\" class=\"wp-image-717\"\/><\/figure>\n<\/div>\n\n\n\n<div class=\"wp-block-column is-layout-flow wp-block-column-is-layout-flow\" style=\"flex-basis:66.66%\">\n<p><strong>Do\u00e7. Dr. Ay\u015fe Collins <\/strong><br>Dekan Yard\u0131mc\u0131s\u0131<br>0312 2902525<br><span class=\"ubfemail\">collins@bilkent.edu.tr<\/span><\/p>\n<\/div>\n<\/div>\n\n\n\n<div class=\"wp-block-columns is-layout-flex wp-container-core-columns-is-layout-9d6595d7 wp-block-columns-is-layout-flex\">\n<div class=\"wp-block-column is-layout-flow wp-block-column-is-layout-flow\" style=\"flex-basis:33.33%\">\n<figure class=\"wp-block-image size-large\"><img loading=\"lazy\" decoding=\"async\" width=\"150\" height=\"202\" src=\"http:\/\/ubf.bilkent.edu.tr\/wp-content\/uploads\/2021\/03\/Rodoplu.jpeg\" alt=\"\" class=\"wp-image-711\"\/><\/figure>\n<\/div>\n\n\n\n<div class=\"wp-block-column is-layout-flow wp-block-column-is-layout-flow\" style=\"flex-basis:66.66%\">\n<p><strong>Kamer Rodoplu<\/strong><br>Dekan Dan\u0131\u015fman\u0131<br>0312 2905035<br><span class=\"ubfemail\">rodoplu@bilkent.edu.tr<\/span><\/p>\n<\/div>\n<\/div>\n\n\n\n<div class=\"wp-block-columns is-layout-flex wp-container-core-columns-is-layout-9d6595d7 wp-block-columns-is-layout-flex\">\n<div class=\"wp-block-column is-layout-flow wp-block-column-is-layout-flow\">\n<div class=\"wp-block-columns is-layout-flex wp-container-core-columns-is-layout-9d6595d7 wp-block-columns-is-layout-flex\">\n<div class=\"wp-block-column is-layout-flow wp-block-column-is-layout-flow\" style=\"flex-basis:33.33%\">\n<figure class=\"wp-block-image size-large\"><img decoding=\"async\" src=\"http:\/\/fas.bilkent.edu.tr\/wp-content\/uploads\/2021\/02\/02-Balci.jpeg\" alt=\"\" class=\"wp-image-420\"\/><\/figure>\n<\/div>\n\n\n\n<div class=\"wp-block-column is-layout-flow wp-block-column-is-layout-flow\" style=\"flex-basis:66.66%\">\n<p><strong>F\u00fcsun Balc\u0131<\/strong><br>Fak\u00fclte Sekreteri<br>0312 2902525<br>0312 2905035<br><span class=\"ubfemail\"> fbalci@bilkent.edu.tr<\/span><\/p>\n<\/div>\n<\/div>\n\n\n\n<div class=\"wp-block-columns is-layout-flex wp-container-core-columns-is-layout-9d6595d7 wp-block-columns-is-layout-flex\">\n<div class=\"wp-block-column is-layout-flow wp-block-column-is-layout-flow\" style=\"flex-basis:33.33%\">\n<figure class=\"wp-block-image size-large\"><img decoding=\"async\" src=\"http:\/\/fas.bilkent.edu.tr\/wp-content\/uploads\/2021\/02\/03-Cakioglu.jpeg\" alt=\"\" class=\"wp-image-422\"\/><\/figure>\n<\/div>\n\n\n\n<div class=\"wp-block-column is-layout-flow wp-block-column-is-layout-flow\" style=\"flex-basis:66.66%\">\n<p><strong>\u00d6zgen \u00c7ak\u0131o\u011flu<\/strong><br>\u00d6\u011frenci \u0130\u015fleri ve Staj Sorumlusu<br>0312 2905012<br>0312 2905353<br><span class=\"ubfemail\">cakioglu@bilkent.edu.tr<\/span><\/p>\n<\/div>\n<\/div>\n\n\n\n<div class=\"wp-block-columns is-layout-flex wp-container-core-columns-is-layout-9d6595d7 wp-block-columns-is-layout-flex\">\n<div class=\"wp-block-column is-layout-flow wp-block-column-is-layout-flow\" style=\"flex-basis:33.33%\">\n<figure class=\"wp-block-image size-full is-resized\"><img loading=\"lazy\" decoding=\"async\" width=\"150\" height=\"200\" src=\"http:\/\/ubf.bilkent.edu.tr\/wp-content\/uploads\/2026\/03\/berkeCanKinay.jpg\" alt=\"\" class=\"wp-image-1234\" style=\"width:151px;height:auto\"\/><\/figure>\n<\/div>\n\n\n\n<div class=\"wp-block-column is-layout-flow wp-block-column-is-layout-flow\" style=\"flex-basis:66.66%\">\n<p><strong>Berke Can K\u0131nay<\/strong><br>Teknisyen<br>0312 2905038<br><span class=\"ubfemail\">berkecan.kinay@bilkent.edu.tr<\/span><\/p>\n<\/div>\n<\/div>\n<\/div>\n<\/div>\n","protected":false},"excerpt":{"rendered":"<p>Prof. Dr. Halil Altay G\u00fcvenir Dekan0312 2902525guvenir@bilkent.edu.tr Do\u00e7. Dr. Ay\u015fe Collins Dekan Yard\u0131mc\u0131s\u01310312 2902525collins@bilkent.edu.tr Kamer RodopluDekan Dan\u0131\u015fman\u01310312 2905035rodoplu@bilkent.edu.tr F\u00fcsun Balc\u0131Fak\u00fclte Sekreteri0312 29025250312 2905035 fbalci@bilkent.edu.tr \u00d6zgen \u00c7ak\u0131o\u011flu\u00d6\u011frenci \u0130\u015fleri ve Staj Sorumlusu0312&hellip;<\/p>\n","protected":false},"author":1,"featured_media":0,"parent":0,"menu_order":0,"comment_status":"closed","ping_status":"closed","template":"","meta":{"footnotes":""},"class_list":["post-66","page","type-page","status-publish","hentry"],"_links":{"self":[{"href":"http:\/\/ubf.bilkent.edu.tr\/index.php\/wp-json\/wp\/v2\/pages\/66","targetHints":{"allow":["GET"]}}],"collection":[{"href":"http:\/\/ubf.bilkent.edu.tr\/index.php\/wp-json\/wp\/v2\/pages"}],"about":[{"href":"http:\/\/ubf.bilkent.edu.tr\/index.php\/wp-json\/wp\/v2\/types\/page"}],"author":[{"embeddable":true,"href":"http:\/\/ubf.bilkent.edu.tr\/index.php\/wp-json\/wp\/v2\/users\/1"}],"replies":[{"embeddable":true,"href":"http:\/\/ubf.bilkent.edu.tr\/index.php\/wp-json\/wp\/v2\/comments?post=66"}],"version-history":[{"count":23,"href":"http:\/\/ubf.bilkent.edu.tr\/index.php\/wp-json\/wp\/v2\/pages\/66\/revisions"}],"predecessor-version":[{"id":1235,"href":"http:\/\/ubf.bilkent.edu.tr\/index.php\/wp-json\/wp\/v2\/pages\/66\/revisions\/1235"}],"wp:attachment":[{"href":"http:\/\/ubf.bilkent.edu.tr\/index.php\/wp-json\/wp\/v2\/media?parent=66"}],"curies":[{"name":"wp","href":"https:\/\/api.w.org\/{rel}","templated":true}]}}