{"id":67,"date":"2021-02-19T08:04:13","date_gmt":"2021-02-19T08:04:13","guid":{"rendered":"http:\/\/fas.bilkent.edu.tr\/?page_id=67"},"modified":"2026-03-02T08:23:47","modified_gmt":"2026-03-02T08:23:47","slug":"fakulte-kurulu","status":"publish","type":"page","link":"http:\/\/ubf.bilkent.edu.tr\/index.php\/fakulte-kurulu\/","title":{"rendered":"Fak\u00fclte Kurulu"},"content":{"rendered":"\n<div class=\"wp-block-columns is-layout-flex wp-container-core-columns-is-layout-9d6595d7 wp-block-columns-is-layout-flex\">\n<div class=\"wp-block-column is-layout-flow wp-block-column-is-layout-flow\" style=\"flex-basis:33.33%\">\n<p>Dekan<\/p>\n<\/div>\n\n\n\n<div class=\"wp-block-column is-layout-flow wp-block-column-is-layout-flow\" style=\"flex-basis:66.66%\">\n<p><strong>Prof. Dr. Halil Altay G\u00fcvenir<\/strong><br>Bilgisayar M\u00fchendisli\u011fi<\/p>\n<\/div>\n<\/div>\n\n\n\n<div class=\"wp-block-columns is-layout-flex wp-container-core-columns-is-layout-9d6595d7 wp-block-columns-is-layout-flex\">\n<div class=\"wp-block-column is-layout-flow wp-block-column-is-layout-flow\" style=\"flex-basis:33.33%\">\n<p>B\u00f6l\u00fcm Ba\u015fkanlar\u0131<\/p>\n<\/div>\n\n\n\n<div class=\"wp-block-column is-layout-flow wp-block-column-is-layout-flow\" style=\"flex-basis:66.66%\">\n<p><strong>Jamel Ben Chafra\u00a0<\/strong><br>Turizm ve Otel \u0130\u015fletmecili\u011fi<\/p>\n\n\n\n<p><strong>Dr. Erkan U\u00e7ar<\/strong><br>Bili\u015fim Sistemleri ve Teknolojileri<\/p>\n<\/div>\n<\/div>\n\n\n\n<div class=\"wp-block-columns is-layout-flex wp-container-core-columns-is-layout-9d6595d7 wp-block-columns-is-layout-flex\">\n<div class=\"wp-block-column is-layout-flow wp-block-column-is-layout-flow\" style=\"flex-basis:33.33%\">\n<p>\u00dcyeler<\/p>\n<\/div>\n\n\n\n<div class=\"wp-block-column is-layout-flow wp-block-column-is-layout-flow\" style=\"flex-basis:66.66%\">\n<p><strong>Do\u00e7. Dr. Ay\u015fe Collins<\/strong><br>Turizm ve Otel \u0130\u015fletmecili\u011fi<\/p>\n\n\n\n<p><\/p>\n\n\n\n<p><strong><strong>Dr. \u00d6\u011fr. \u00dcyesi<\/strong><\/strong> <strong>Oumout Chousein Oglou<\/strong><br>Bili\u015fim Sistemleri ve Teknolojileri<\/p>\n<\/div>\n<\/div>\n\n\n\n<p><\/p>\n","protected":false},"excerpt":{"rendered":"<p>Dekan Prof. Dr. Halil Altay G\u00fcvenirBilgisayar M\u00fchendisli\u011fi B\u00f6l\u00fcm Ba\u015fkanlar\u0131 Jamel Ben Chafra\u00a0Turizm ve Otel \u0130\u015fletmecili\u011fi Dr. Erkan U\u00e7arBili\u015fim Sistemleri ve Teknolojileri \u00dcyeler Do\u00e7. Dr. Ay\u015fe CollinsTurizm ve Otel \u0130\u015fletmecili\u011fi Dr.&hellip;<\/p>\n","protected":false},"author":1,"featured_media":0,"parent":0,"menu_order":0,"comment_status":"closed","ping_status":"closed","template":"","meta":{"footnotes":""},"class_list":["post-67","page","type-page","status-publish","hentry"],"_links":{"self":[{"href":"http:\/\/ubf.bilkent.edu.tr\/index.php\/wp-json\/wp\/v2\/pages\/67","targetHints":{"allow":["GET"]}}],"collection":[{"href":"http:\/\/ubf.bilkent.edu.tr\/index.php\/wp-json\/wp\/v2\/pages"}],"about":[{"href":"http:\/\/ubf.bilkent.edu.tr\/index.php\/wp-json\/wp\/v2\/types\/page"}],"author":[{"embeddable":true,"href":"http:\/\/ubf.bilkent.edu.tr\/index.php\/wp-json\/wp\/v2\/users\/1"}],"replies":[{"embeddable":true,"href":"http:\/\/ubf.bilkent.edu.tr\/index.php\/wp-json\/wp\/v2\/comments?post=67"}],"version-history":[{"count":24,"href":"http:\/\/ubf.bilkent.edu.tr\/index.php\/wp-json\/wp\/v2\/pages\/67\/revisions"}],"predecessor-version":[{"id":1233,"href":"http:\/\/ubf.bilkent.edu.tr\/index.php\/wp-json\/wp\/v2\/pages\/67\/revisions\/1233"}],"wp:attachment":[{"href":"http:\/\/ubf.bilkent.edu.tr\/index.php\/wp-json\/wp\/v2\/media?parent=67"}],"curies":[{"name":"wp","href":"https:\/\/api.w.org\/{rel}","templated":true}]}}